{"id":10,"date":"2014-04-29T11:20:05","date_gmt":"2014-04-29T10:20:05","guid":{"rendered":"http:\/\/localhost\/Wordpress\/leblog\/?page_id=10"},"modified":"2015-08-25T14:53:25","modified_gmt":"2015-08-25T12:53:25","slug":"a-propos","status":"publish","type":"page","link":"https:\/\/purweb.fr\/purblog\/","title":{"rendered":"CR\u00c9ER UN SITE INTERNET PROFESSIONNEL"},"content":{"rendered":"<p><span style=\"font-weight: bold;\"><strong>Pur Blog<\/strong> est un blog dont la vocation est de vous apporter des informations et conseils pour <strong>cr\u00e9er un site Internet professionnel<\/strong>. <b>\u00ab Comment mener \u00e0 bien un projet Web ? \u00bb et \u00ab Comment optimiser sa pr\u00e9sence en ligne ? \u00bb sont les questions principales auxquelles nous tentons de r\u00e9pondre dans ce blog.<\/b><br \/>\n<\/span><\/p>\n<h3><span style=\"color: #20a56e;\">A qui s\u2019adresse Pur Blog ?<\/span><\/h3>\n<p><span style=\"color: #20a56e;\"><img loading=\"lazy\" class=\"aligncenter size-full wp-image-1176\" src=\"https:\/\/purweb.fr\/purblog\/wp-content\/uploads\/2014\/04\/creer-un-site-internet-professionnel.png\" alt=\"cr\u00e9er un site Internet professionnel\" width=\"300\" height=\"161\" \/><\/span><\/p>\n<div id=\"hide_texte\">\n<div class=\"texte\">\n<p>Aujourd\u2019hui, aucune structure ne peut se passer d\u2019une pr\u00e9sence en ligne. Du simple site vitrine de quelques pages \u00e0 la boutique en ligne contenant plus de 1000 r\u00e9f\u00e9rences, chaque projet Web est unique.<\/p>\n<p><strong>Pur Blog<\/strong> s\u2019adresse aux auto-entrepreneurs, aux artisans, aux PME, aux associations, en un mot \u00e0 tous les entrepreneurs qui se trouvent face \u00e0 un projet Web \u00e0 mener, du professionnel ind\u00e9pendant \u00e0 l&rsquo;entreprise d&rsquo;envergure. Notre objectif est de fournir de l\u2019information sur la cr\u00e9ation, l\u2019animation et la refonte d\u2019un site internet.<\/p>\n<p>Les articles de <strong>Pur Blog<\/strong> se veulent avant tout didactiques afin de vous aider \u00e0 construire votre r\u00e9flexion. Ils visent \u00e0 donner une vision claire et synth\u00e9tique des \u00e9l\u00e9ments qui peuvent \u00eatre d\u00e9terminants dans votre prise de d\u00e9cision.<\/p>\n<p><span style=\"font-weight: bold;\">Pour <strong>cr\u00e9er un site Internet professionnel<\/strong>, il est souvent n\u00e9cessaire de faire appel \u00e0 un prestataire. Et manquer d&rsquo;informations, c&rsquo;est lui faire une confiance aveugle pour la r\u00e9alisation de votre site.<\/span><\/p>\n<p>\u00c0 l\u2019heure o\u00f9 tous types de tarifs se c\u00f4toient sur le march\u00e9 (de la plateforme gratuite \u00e0 la prestation factur\u00e9e en dizaines de milliers d\u2019euros), il est important de savoir d\u00e9crypter une offre en ayant connaissance des ingr\u00e9dients essentiels pour un site Internet r\u00e9ussi :<\/p>\n<ul>\n<li>Un outil d&rsquo;administration \u00e0 la fois performant et simple d\u2019utilisation tel que WordPress<\/li>\n<li>L\u2019int\u00e9gration des objectifs et des contraintes de r\u00e9f\u00e9rencement d\u00e8s l\u2019\u00e9tablissement du cahier des charges<\/li>\n<li>Un contenu de qualit\u00e9 qui favorise le r\u00e9f\u00e9rencement naturel<\/li>\n<li>Une configuration s\u00e9curis\u00e9e<\/li>\n<li>Une compatibilit\u00e9 avec l&rsquo;ensemble des terminaux (mobile, tablette, portable, PC, etc&#8230;)<\/li>\n<li>Une strat\u00e9gie de pr\u00e9sence sur les r\u00e9seaux sociaux<\/li>\n<\/ul>\n<p><span style=\"font-weight: bold;\">Les articles de Pur Blog expliquent et d\u00e9taillent ces diff\u00e9rents \u00e9l\u00e9ments afin que ayez toutes les cartes en main pour <strong>cr\u00e9er un site Internet professionnel<\/strong> r\u00e9ussi.<\/span><\/p>\n<p><strong>Pur Blog<\/strong> s&rsquo;adresse \u00e9galement \u00e0 ceux qui disposent d\u00e9j\u00e0 d\u2019un site et qui souhaitent optimiser leur pr\u00e9sence en ligne. Pour cela nous abordons notamment les th\u00e8mes suivants :<\/p>\n<ul>\n<li>Tirer le meilleur parti de son site WordPress<\/li>\n<li>Actualiser son contenu en veillant au r\u00e9f\u00e9rencement, sans oublier le lecteur<\/li>\n<\/ul>\n<ul>\n<li>Conna\u00eetre les leviers pour \u00eatre visible, g\u00e9rer sa pr\u00e9sence en ligne et animer sa communaut\u00e9<\/li>\n<\/ul>\n<ul>\n<li>Savoir auditer son site Internet en tenant compte de crit\u00e8res simples<\/li>\n<\/ul>\n<ul>\n<li>D\u2019apr\u00e8s cet audit, \u00e9valuer la pertinence de son site et, si besoin, s&rsquo;orienter vers une refonte.<\/li>\n<\/ul>\n<p>Rassurez-vous, <strong>Pur Blog<\/strong> n\u2019a pas pour objectif de faire de vous des professionnels du Web ! Ce blog est l\u00e0 pour donner des cl\u00e9s de compr\u00e9hension qui facilitent la mise en \u0153uvre de votre projet.<\/p>\n<h3><span style=\"color: #20a56e;\"><strong>Cr\u00e9er un site Internet professionnel<\/strong> : les \u00e9l\u00e9ments incontournables<\/span><\/h3>\n<p><span style=\"font-weight: bold;\">Le r\u00e9f\u00e9rencement, les r\u00e9seaux sociaux, le webdesign, les syst\u00e8mes de gestion de contenu (CMS) sont autant de composantes complexes et indispensables pour <strong>cr\u00e9er un site internet professionnel<\/strong>.<\/span><\/p>\n<p><strong>Pur Blog<\/strong> veut offrir une vision d\u2019ensemble, \u00e0 la fois synth\u00e9tique et \u00e9clair\u00e9e, des diff\u00e9rentes facettes d\u2019un projet Web. Le blog s\u2019articule donc autour de quatre grandes th\u00e9matiques.<\/p>\n<h4><span style=\"color: #20a56e;\">Projet Web<\/span><\/h4>\n<p>La cat\u00e9gorie <span style=\"text-decoration: underline; color: #20a56e;\"><a style=\"color: #20a56e; text-decoration: underline;\" title=\"PROJET WEB | Pur Web\" href=\"https:\/\/purweb.fr\/purblog\/projetweb\/\">Projet Web<\/a><\/span> est l\u00e0 pour aborder toutes les questions relatives \u00e0 la cr\u00e9ation d\u2019un site Internet, en particulier les \u00e9tapes de r\u00e9alisation d\u2019un site et les d\u00e9cisions \u00e0 prendre en termes de solutions techniques.<\/p>\n<h4><span style=\"color: #20a56e;\">WordPress<\/span><\/h4>\n<p><span style=\"text-decoration: underline;\"><span style=\"color: #20a56e;\"><a style=\"color: #20a56e; text-decoration: underline;\" title=\"WORDPRESS | Pur Web\" href=\"https:\/\/purweb.fr\/purblog\/wordpress\/\">WordPress<\/a><\/span><\/span> est un syst\u00e8me de gestion de contenu (dit CMS pour Content Management System), libre et gratuit. C&rsquo;est aujourd&rsquo;hui la solution la plus appropri\u00e9e pour les projets Web des petites et moyennes structures (mais pas seulement !).<\/p>\n<h4><span style=\"color: #20a56e;\">R\u00e9f\u00e9rencement<\/span><\/h4>\n<p>Dans la cat\u00e9gorie <span style=\"text-decoration: underline;\"><span style=\"color: #20a56e;\"><a style=\"color: #20a56e; text-decoration: underline;\" title=\"R\u00c9F\u00c9RENCEMENT | Pur Web\" href=\"https:\/\/purweb.fr\/purblog\/referencement\/\">R\u00e9f\u00e9rencement<\/a><\/span><\/span>, nous abordons les diff\u00e9rents leviers qui permettent d\u2019accro\u00eetre la visibilit\u00e9 d\u2019un site Internet sur les moteurs de recherche comme Google.<\/p>\n<h4><span style=\"color: #20a56e;\">R\u00e9seaux sociaux<\/span><\/h4>\n<p>La cat\u00e9gorie<a title=\"R\u00c9SEAUX SOCIAUX | Pur Web\" href=\"https:\/\/purweb.fr\/purblog\/reseauxsociaux\/\"> <span style=\"text-decoration: underline;\"><span style=\"color: #20a56e; text-decoration: underline;\">R\u00e9seaux sociaux<\/span><\/span><\/a> vous aide \u00e0 d\u00e9finir une strat\u00e9gie de communication sur les m\u00e9dias sociaux. Choix des plateformes, animation de votre communaut\u00e9, optimisation de votre utilisation&#8230; de nombreux conseils et astuces pour g\u00e9rer sa pr\u00e9sence en ligne.<\/p>\n<h3><span style=\"color: #20a56e;\">Cr\u00e9er un site Internet professionnel : un d\u00e9fi \u00e0 port\u00e9e de main !<\/span><\/h3>\n<p>En parcourant les articles de <strong>Pur Blog<\/strong>, vous prendrez connaissance des \u00e9l\u00e9ments indispensables \u00e0 la r\u00e9ussite de votre projet, vous ne manquerez aucune \u00e9tape et saurez \u00e9tablir des priorit\u00e9s. <span style=\"font-weight: bold;\"><strong>Cr\u00e9er un site internet professionnel<\/strong> n\u2019aura plus de secret pour vous !<\/span><\/p>\n<p>Si vous souhaitez faire une remarque, lever un doute ou poser une question, n\u2019h\u00e9sitez pas \u00e0 laisser vos commentaires en bas des articles. Nous veillerons \u00e0 vous apporter une r\u00e9ponse au plus vite. Bonne lecture sur <strong>Pur Blog<\/strong> !<\/p>\n<div><\/div>\n","protected":false},"excerpt":{"rendered":"<p>Pur Blog est un blog dont la vocation est de vous apporter des informations et conseils pour cr\u00e9er un site Internet professionnel. \u00ab Comment mener \u00e0 bien un projet Web ? \u00bb et \u00ab Comment optimiser sa pr\u00e9sence en ligne &hellip; <a href=\"https:\/\/purweb.fr\/purblog\/\" class=\"more-link\">Continuer la lecture de <span class=\"screen-reader-text\">CR\u00c9ER UN SITE INTERNET PROFESSIONNEL<\/span> <span class=\"meta-nav\">&rarr;<\/span><\/a><\/p>\n","protected":false},"author":1,"featured_media":0,"parent":0,"menu_order":0,"comment_status":"open","ping_status":"open","template":"page-index.php","meta":[],"yoast_head":"<!-- This site is optimized with the Yoast SEO plugin v17.8 - https:\/\/yoast.com\/wordpress\/plugins\/seo\/ -->\n<meta name=\"description\" content=\"Comment cr\u00e9er un site Internet professionnel ? Pur Blog est un blog qui informe et conseille les professionnels souhaitant cr\u00e9er un site Web.\" \/>\n<meta name=\"robots\" content=\"index, follow, max-snippet:-1, max-image-preview:large, max-video-preview:-1\" \/>\n<link rel=\"canonical\" href=\"https:\/\/purweb.fr\/purblog\/\" \/>\n<meta property=\"og:locale\" content=\"fr_FR\" \/>\n<meta property=\"og:type\" content=\"article\" \/>\n<meta property=\"og:title\" content=\"Pur Blog | Cr\u00e9er un site Internet professionnel\" \/>\n<meta property=\"og:description\" content=\"Comment cr\u00e9er un site Internet professionnel ? Pur Blog est un blog qui informe et conseille les professionnels souhaitant cr\u00e9er un site Web.\" \/>\n<meta property=\"og:url\" content=\"https:\/\/purweb.fr\/purblog\/\" \/>\n<meta property=\"og:site_name\" content=\"Pur Blog\" \/>\n<meta property=\"article:publisher\" content=\"https:\/\/www.facebook.com\/PurWeb\" \/>\n<meta property=\"article:modified_time\" content=\"2015-08-25T12:53:25+00:00\" \/>\n<meta property=\"og:image\" content=\"https:\/\/purweb.fr\/purblog\/wp-content\/uploads\/2014\/04\/creer-un-site-internet-professionnel.png\" \/>\n<meta name=\"twitter:card\" content=\"summary_large_image\" \/>\n<meta name=\"twitter:site\" content=\"@Pur_Web\" \/>\n<meta name=\"twitter:label1\" content=\"Dur\u00e9e de lecture estim\u00e9e\" \/>\n\t<meta name=\"twitter:data1\" content=\"4 minutes\" \/>\n<script type=\"application\/ld+json\" class=\"yoast-schema-graph\">{\"@context\":\"https:\/\/schema.org\",\"@graph\":[{\"@type\":\"Organization\",\"@id\":\"https:\/\/purweb.fr\/purblog\/#organization\",\"name\":\"Pur Web\",\"url\":\"https:\/\/purweb.fr\/purblog\/\",\"sameAs\":[\"https:\/\/www.facebook.com\/PurWeb\",\"https:\/\/www.linkedin.com\/company\/pur-web\",\"https:\/\/twitter.com\/Pur_Web\"],\"logo\":{\"@type\":\"ImageObject\",\"@id\":\"https:\/\/purweb.fr\/purblog\/#logo\",\"inLanguage\":\"fr-FR\",\"url\":\"https:\/\/purweb.fr\/purblog\/wp-content\/uploads\/2015\/04\/pur-web.jpg\",\"contentUrl\":\"https:\/\/purweb.fr\/purblog\/wp-content\/uploads\/2015\/04\/pur-web.jpg\",\"caption\":\"Pur Web\"},\"image\":{\"@id\":\"https:\/\/purweb.fr\/purblog\/#logo\"}},{\"@type\":\"WebSite\",\"@id\":\"https:\/\/purweb.fr\/purblog\/#website\",\"url\":\"https:\/\/purweb.fr\/purblog\/\",\"name\":\"Pur Blog\",\"description\":\"Cr\\u00e9er un site Internet professionnel : conseils et astuces\",\"publisher\":{\"@id\":\"https:\/\/purweb.fr\/purblog\/#organization\"},\"potentialAction\":[{\"@type\":\"SearchAction\",\"target\":{\"@type\":\"EntryPoint\",\"urlTemplate\":\"https:\/\/purweb.fr\/purblog\/?s={search_term_string}\"},\"query-input\":\"required name=search_term_string\"}],\"inLanguage\":\"fr-FR\"},{\"@type\":\"ImageObject\",\"@id\":\"https:\/\/purweb.fr\/purblog\/#primaryimage\",\"inLanguage\":\"fr-FR\",\"url\":\"https:\/\/purweb.fr\/purblog\/wp-content\/uploads\/2014\/04\/creer-un-site-internet-professionnel.png\",\"contentUrl\":\"https:\/\/purweb.fr\/purblog\/wp-content\/uploads\/2014\/04\/creer-un-site-internet-professionnel.png\",\"width\":300,\"height\":161,\"caption\":\"cr\\u00e9er un site Internet professionnel\"},{\"@type\":\"WebPage\",\"@id\":\"https:\/\/purweb.fr\/purblog\/#webpage\",\"url\":\"https:\/\/purweb.fr\/purblog\/\",\"name\":\"Pur Blog | Cr\\u00e9er un site Internet professionnel\",\"isPartOf\":{\"@id\":\"https:\/\/purweb.fr\/purblog\/#website\"},\"primaryImageOfPage\":{\"@id\":\"https:\/\/purweb.fr\/purblog\/#primaryimage\"},\"datePublished\":\"2014-04-29T10:20:05+00:00\",\"dateModified\":\"2015-08-25T12:53:25+00:00\",\"description\":\"Comment cr\\u00e9er un site Internet professionnel ? Pur Blog est un blog qui informe et conseille les professionnels souhaitant cr\\u00e9er un site Web.\",\"breadcrumb\":{\"@id\":\"https:\/\/purweb.fr\/purblog\/#breadcrumb\"},\"inLanguage\":\"fr-FR\",\"potentialAction\":[{\"@type\":\"ReadAction\",\"target\":[\"https:\/\/purweb.fr\/purblog\/\"]}]},{\"@type\":\"BreadcrumbList\",\"@id\":\"https:\/\/purweb.fr\/purblog\/#breadcrumb\",\"itemListElement\":[{\"@type\":\"ListItem\",\"position\":1,\"name\":\"Home\",\"item\":\"https:\/\/purweb.fr\/purblog\/\"},{\"@type\":\"ListItem\",\"position\":2,\"name\":\"CR\\u00c9ER UN SITE INTERNET PROFESSIONNEL\"}]}]}<\/script>\n<!-- \/ Yoast SEO plugin. -->","yoast_head_json":{"description":"Comment cr\u00e9er un site Internet professionnel ? Pur Blog est un blog qui informe et conseille les professionnels souhaitant cr\u00e9er un site Web.","robots":{"index":"index","follow":"follow","max-snippet":"max-snippet:-1","max-image-preview":"max-image-preview:large","max-video-preview":"max-video-preview:-1"},"canonical":"https:\/\/purweb.fr\/purblog\/","og_locale":"fr_FR","og_type":"article","og_title":"Pur Blog | Cr\u00e9er un site Internet professionnel","og_description":"Comment cr\u00e9er un site Internet professionnel ? Pur Blog est un blog qui informe et conseille les professionnels souhaitant cr\u00e9er un site Web.","og_url":"https:\/\/purweb.fr\/purblog\/","og_site_name":"Pur Blog","article_publisher":"https:\/\/www.facebook.com\/PurWeb","article_modified_time":"2015-08-25T12:53:25+00:00","og_image":[{"url":"https:\/\/purweb.fr\/purblog\/wp-content\/uploads\/2014\/04\/creer-un-site-internet-professionnel.png"}],"twitter_card":"summary_large_image","twitter_site":"@Pur_Web","twitter_misc":{"Dur\u00e9e de lecture estim\u00e9e":"4 minutes"},"schema":{"@context":"https:\/\/schema.org","@graph":[{"@type":"Organization","@id":"https:\/\/purweb.fr\/purblog\/#organization","name":"Pur Web","url":"https:\/\/purweb.fr\/purblog\/","sameAs":["https:\/\/www.facebook.com\/PurWeb","https:\/\/www.linkedin.com\/company\/pur-web","https:\/\/twitter.com\/Pur_Web"],"logo":{"@type":"ImageObject","@id":"https:\/\/purweb.fr\/purblog\/#logo","inLanguage":"fr-FR","url":"https:\/\/purweb.fr\/purblog\/wp-content\/uploads\/2015\/04\/pur-web.jpg","contentUrl":"https:\/\/purweb.fr\/purblog\/wp-content\/uploads\/2015\/04\/pur-web.jpg","caption":"Pur Web"},"image":{"@id":"https:\/\/purweb.fr\/purblog\/#logo"}},{"@type":"WebSite","@id":"https:\/\/purweb.fr\/purblog\/#website","url":"https:\/\/purweb.fr\/purblog\/","name":"Pur Blog","description":"Cr\u00e9er un site Internet professionnel : conseils et astuces","publisher":{"@id":"https:\/\/purweb.fr\/purblog\/#organization"},"potentialAction":[{"@type":"SearchAction","target":{"@type":"EntryPoint","urlTemplate":"https:\/\/purweb.fr\/purblog\/?s={search_term_string}"},"query-input":"required name=search_term_string"}],"inLanguage":"fr-FR"},{"@type":"ImageObject","@id":"https:\/\/purweb.fr\/purblog\/#primaryimage","inLanguage":"fr-FR","url":"https:\/\/purweb.fr\/purblog\/wp-content\/uploads\/2014\/04\/creer-un-site-internet-professionnel.png","contentUrl":"https:\/\/purweb.fr\/purblog\/wp-content\/uploads\/2014\/04\/creer-un-site-internet-professionnel.png","width":300,"height":161,"caption":"cr\u00e9er un site Internet professionnel"},{"@type":"WebPage","@id":"https:\/\/purweb.fr\/purblog\/#webpage","url":"https:\/\/purweb.fr\/purblog\/","name":"Pur Blog | Cr\u00e9er un site Internet professionnel","isPartOf":{"@id":"https:\/\/purweb.fr\/purblog\/#website"},"primaryImageOfPage":{"@id":"https:\/\/purweb.fr\/purblog\/#primaryimage"},"datePublished":"2014-04-29T10:20:05+00:00","dateModified":"2015-08-25T12:53:25+00:00","description":"Comment cr\u00e9er un site Internet professionnel ? Pur Blog est un blog qui informe et conseille les professionnels souhaitant cr\u00e9er un site Web.","breadcrumb":{"@id":"https:\/\/purweb.fr\/purblog\/#breadcrumb"},"inLanguage":"fr-FR","potentialAction":[{"@type":"ReadAction","target":["https:\/\/purweb.fr\/purblog\/"]}]},{"@type":"BreadcrumbList","@id":"https:\/\/purweb.fr\/purblog\/#breadcrumb","itemListElement":[{"@type":"ListItem","position":1,"name":"Home","item":"https:\/\/purweb.fr\/purblog\/"},{"@type":"ListItem","position":2,"name":"CR\u00c9ER UN SITE INTERNET PROFESSIONNEL"}]}]}},"_links":{"self":[{"href":"https:\/\/purweb.fr\/purblog\/wp-json\/wp\/v2\/pages\/10"}],"collection":[{"href":"https:\/\/purweb.fr\/purblog\/wp-json\/wp\/v2\/pages"}],"about":[{"href":"https:\/\/purweb.fr\/purblog\/wp-json\/wp\/v2\/types\/page"}],"author":[{"embeddable":true,"href":"https:\/\/purweb.fr\/purblog\/wp-json\/wp\/v2\/users\/1"}],"replies":[{"embeddable":true,"href":"https:\/\/purweb.fr\/purblog\/wp-json\/wp\/v2\/comments?post=10"}],"version-history":[{"count":154,"href":"https:\/\/purweb.fr\/purblog\/wp-json\/wp\/v2\/pages\/10\/revisions"}],"predecessor-version":[{"id":1180,"href":"https:\/\/purweb.fr\/purblog\/wp-json\/wp\/v2\/pages\/10\/revisions\/1180"}],"wp:attachment":[{"href":"https:\/\/purweb.fr\/purblog\/wp-json\/wp\/v2\/media?parent=10"}],"curies":[{"name":"wp","href":"https:\/\/api.w.org\/{rel}","templated":true}]}}